{"id":3367,"date":"2021-07-26T14:09:54","date_gmt":"2021-07-26T12:09:54","guid":{"rendered":"https:\/\/new-solutions-software.de\/?page_id=3367"},"modified":"2024-11-21T15:55:07","modified_gmt":"2024-11-21T14:55:07","slug":"order-testsystem-synoset","status":"publish","type":"page","link":"https:\/\/new-solutions.com\/en\/order-testsystem-synoset\/","title":{"rendered":"Order a testsystem &#8211; Synoset"},"content":{"rendered":"<div class=\"fusion-fullwidth fullwidth-box fusion-builder-row-1 fusion-flex-container nonhundred-percent-fullwidth non-hundred-percent-height-scrolling\" style=\"--awb-border-radius-top-left:0px;--awb-border-radius-top-right:0px;--awb-border-radius-bottom-right:0px;--awb-border-radius-bottom-left:0px;\" ><div class=\"fusion-builder-row fusion-row fusion-flex-align-items-flex-start\" style=\"max-width:1216.8px;margin-left: calc(-4% \/ 2 );margin-right: calc(-4% \/ 2 );\"><div class=\"fusion-layout-column fusion_builder_column fusion-builder-column-0 fusion_builder_column_2_3 2_3 fusion-flex-column\" style=\"--awb-bg-size:cover;--awb-width-large:66.666666666667%;--awb-margin-top-large:0px;--awb-spacing-right-large:2.88%;--awb-margin-bottom-large:20px;--awb-spacing-left-large:2.88%;--awb-width-medium:100%;--awb-order-medium:0;--awb-spacing-right-medium:1.92%;--awb-spacing-left-medium:1.92%;--awb-width-small:100%;--awb-order-small:0;--awb-spacing-right-small:1.92%;--awb-spacing-left-small:1.92%;\"><div class=\"fusion-column-wrapper fusion-column-has-shadow fusion-flex-justify-content-flex-start fusion-content-layout-column\"><div class=\"fusion-image-element \" style=\"text-align:center;--awb-caption-title-size:var(--h2_typography-font-size);--awb-caption-title-transform:var(--h2_typography-text-transform);--awb-caption-title-line-height:var(--h2_typography-line-height);--awb-caption-title-letter-spacing:var(--h2_typography-letter-spacing);\"><span class=\" fusion-imageframe imageframe-none imageframe-1 hover-type-none\"><img decoding=\"async\" width=\"296\" height=\"108\" alt=\"Request a testsystem for Synoset\" title=\"Web-synoset (2)\" src=\"https:\/\/new-solutions.com\/wp-content\/uploads\/2021\/06\/Web-synoset-2.jpg\" data-orig-src=\"https:\/\/new-solutions.com\/wp-content\/uploads\/2021\/06\/Web-synoset-2.jpg\" class=\"lazyload img-responsive wp-image-2545\" srcset=\"data:image\/svg+xml,%3Csvg%20xmlns%3D%27http%3A%2F%2Fwww.w3.org%2F2000%2Fsvg%27%20width%3D%27296%27%20height%3D%27108%27%20viewBox%3D%270%200%20296%20108%27%3E%3Crect%20width%3D%27296%27%20height%3D%27108%27%20fill-opacity%3D%220%22%2F%3E%3C%2Fsvg%3E\" data-srcset=\"https:\/\/new-solutions.com\/wp-content\/uploads\/2021\/06\/Web-synoset-2-200x73.jpg 200w, https:\/\/new-solutions.com\/wp-content\/uploads\/2021\/06\/Web-synoset-2.jpg 296w\" data-sizes=\"auto\" data-orig-sizes=\"(max-width: 1024px) 100vw, (max-width: 640px) 100vw, 296px\" \/><\/span><\/div><div class=\"fusion-text fusion-text-1\"><h1 class=\"fusion-responsive-typography-calculated\" data-fontsize=\"40\" data-lineheight=\"56px\">Request a test system for Synoset &#8211; Asset &amp; Configuration Management<\/h1>\n<\/div><div class=\"fusion-text fusion-text-2\"><p>Are you interested in getting test access to Synoset? Then fill out the form. We look forward to your request and will contact you as soon as possible!<\/p>\n<\/div><iframe src=\"https:\/\/go.new-solutions.com\/l\/510611\/2021-07-26\/8hffg7\" width=\"100%\" height=\"900\" type=\"text\/html\" frameborder=\"0\" allowTransparency=\"true\" style=\"border: 0\"><\/iframe><\/div><\/div><div class=\"fusion-layout-column fusion_builder_column fusion-builder-column-1 fusion_builder_column_1_3 1_3 fusion-flex-column\" style=\"--awb-bg-size:cover;--awb-width-large:33.333333333333%;--awb-margin-top-large:0px;--awb-spacing-right-large:5.76%;--awb-margin-bottom-large:20px;--awb-spacing-left-large:5.76%;--awb-width-medium:100%;--awb-order-medium:0;--awb-spacing-right-medium:1.92%;--awb-spacing-left-medium:1.92%;--awb-width-small:100%;--awb-order-small:0;--awb-spacing-right-small:1.92%;--awb-spacing-left-small:1.92%;\"><div class=\"fusion-column-wrapper fusion-column-has-shadow fusion-flex-justify-content-flex-start fusion-content-layout-column\"><div class=\"fusion-image-element \" style=\"--awb-caption-title-size:var(--h2_typography-font-size);--awb-caption-title-transform:var(--h2_typography-text-transform);--awb-caption-title-line-height:var(--h2_typography-line-height);--awb-caption-title-letter-spacing:var(--h2_typography-letter-spacing);\"><span class=\" fusion-imageframe imageframe-none imageframe-2 hover-type-none\"><img decoding=\"async\" width=\"300\" height=\"225\" alt=\"New Solutions office building\" title=\"New Solutions B\u00fcrogeb\u00e4ude\" src=\"https:\/\/new-solutions.com\/wp-content\/uploads\/2021\/06\/business-center-gebaeude_09.04-2.jpg\" data-orig-src=\"https:\/\/new-solutions.com\/wp-content\/uploads\/2021\/06\/business-center-gebaeude_09.04-2-300x225.jpg\" class=\"lazyload img-responsive wp-image-2515\" srcset=\"data:image\/svg+xml,%3Csvg%20xmlns%3D%27http%3A%2F%2Fwww.w3.org%2F2000%2Fsvg%27%20width%3D%271024%27%20height%3D%27768%27%20viewBox%3D%270%200%201024%20768%27%3E%3Crect%20width%3D%271024%27%20height%3D%27768%27%20fill-opacity%3D%220%22%2F%3E%3C%2Fsvg%3E\" data-srcset=\"https:\/\/new-solutions.com\/wp-content\/uploads\/2021\/06\/business-center-gebaeude_09.04-2-200x150.jpg 200w, https:\/\/new-solutions.com\/wp-content\/uploads\/2021\/06\/business-center-gebaeude_09.04-2-400x300.jpg 400w, https:\/\/new-solutions.com\/wp-content\/uploads\/2021\/06\/business-center-gebaeude_09.04-2-600x450.jpg 600w, https:\/\/new-solutions.com\/wp-content\/uploads\/2021\/06\/business-center-gebaeude_09.04-2-800x600.jpg 800w, https:\/\/new-solutions.com\/wp-content\/uploads\/2021\/06\/business-center-gebaeude_09.04-2.jpg 1024w\" data-sizes=\"auto\" data-orig-sizes=\"(max-width: 1024px) 100vw, (max-width: 640px) 100vw, 400px\" \/><\/span><\/div><div class=\"fusion-text fusion-text-3\"><h3><\/h3>\n<p>Marktler Stra\u00dfe 61<br \/>\n84489 Burghausen<br \/>\nGermany<br \/>\nTel. +49 (0) 8677 8776-0<br \/>\nE-Mail: <a href=\"mailto:info@germanedge.com\">info@germanedge.com<\/a><\/p>\n<\/div><div class=\"fusion-text fusion-text-4\"><h3>Hinweis zur Verarbeitung Ihrer personenbezogenen Daten<\/h3>\n<p>Die in diesem Formular erhobenen personenbezogenen Daten werden von der Germanedge Solutions GmbH gespeichert und ausschlie\u00dflich f\u00fcr den Zweck genutzt werden, Ihnen Informationsmaterial zukommen zu lassen und\/oder mit Ihnen in Kontakt zu treten. Die Rechtsgrundlage dieser Datenverarbeitung ergibt sich aus Art. 6 Abs. 1 Buchst. b DSGVO (Verarbeitung zur Anbahnung oder Erf\u00fcllung eines Vertrags). Im Rahmen der Verarbeitung werden Ihre personenbezogenen Daten nicht an andere Empf\u00e4nger au\u00dfer uns \u00fcbermittelt. Eine \u00dcbertragung Ihrer personenbezogenen Daten in ein Drittland erfolgt nicht. Ihre verarbeiteten Daten werden gel\u00f6scht, wenn Sie kein Interesse an einer Vertragsanbahnung haben und der Zweck erf\u00fcllt ist.<\/p>\n<p>F\u00fcr weitere Informationen lesen Sie unsere <a href=\"https:\/\/new-solutions.com\/datenschutz\/\">Datenschutzerkl\u00e4rung<\/a>. Diese Einwilligung kann jederzeit mit Wirkung f\u00fcr die Zukunft widerrufen werden.<\/p>\n<h3>Verschl\u00fcsselte Verbindung<\/h3>\n<p>Die Daten des Formulars werden \u00fcber eine SSL-verschl\u00fcsselte Internetverbindung \u00fcbertragen.<\/p>\n<\/div><div class=\"fusion-image-element \" style=\"--awb-caption-title-size:var(--h2_typography-font-size);--awb-caption-title-transform:var(--h2_typography-text-transform);--awb-caption-title-line-height:var(--h2_typography-line-height);--awb-caption-title-letter-spacing:var(--h2_typography-letter-spacing);\"><span class=\" fusion-imageframe imageframe-none imageframe-3 hover-type-none\" style=\"border-radius:Sichere SSL Verschl\u00fcsselung;\"><img decoding=\"async\" width=\"140\" height=\"171\" alt=\"SSL encryption\" title=\"SSL encryption\" src=\"data:image\/svg+xml,%3Csvg%20xmlns%3D%27http%3A%2F%2Fwww.w3.org%2F2000%2Fsvg%27%20width%3D%27140%27%20height%3D%27171%27%20viewBox%3D%270%200%20140%20171%27%3E%3Crect%20width%3D%27140%27%20height%3D%27171%27%20fill-opacity%3D%220%22%2F%3E%3C%2Fsvg%3E\" data-orig-src=\"https:\/\/new-solutions.com\/wp-content\/uploads\/2021\/06\/sscl-security.jpg\" class=\"lazyload img-responsive wp-image-2163\"\/><\/span><\/div><\/div><\/div><\/div><\/div>\n","protected":false},"excerpt":{"rendered":"","protected":false},"author":5,"featured_media":0,"parent":0,"menu_order":0,"comment_status":"closed","ping_status":"closed","template":"","meta":[],"yoast_head":"<!-- This site is optimized with the Yoast SEO plugin v21.1 - https:\/\/yoast.com\/wordpress\/plugins\/seo\/ -->\n<title>Order test system for Synoset - New Solutions<\/title>\n<meta name=\"description\" content=\"Order a test system of Synoset, the asset &amp; service management from New Solutions and let yourself be convinced of the advantages.\" \/>\n<meta name=\"robots\" content=\"index, follow, max-snippet:-1, max-image-preview:large, max-video-preview:-1\" \/>\n<link rel=\"canonical\" href=\"https:\/\/new-solutions.com\/en\/order-testsystem-synoset\/\" \/>\n<meta property=\"og:locale\" content=\"en_US\" \/>\n<meta property=\"og:type\" content=\"article\" \/>\n<meta property=\"og:title\" content=\"Order test system for Synoset - New Solutions\" \/>\n<meta property=\"og:description\" content=\"Order a test system of Synoset, the asset &amp; service management from New Solutions and let yourself be convinced of the advantages.\" \/>\n<meta property=\"og:url\" content=\"https:\/\/new-solutions.com\/en\/order-testsystem-synoset\/\" \/>\n<meta property=\"og:site_name\" content=\"New Solutions\" \/>\n<meta property=\"article:modified_time\" content=\"2024-11-21T14:55:07+00:00\" \/>\n<meta name=\"twitter:card\" content=\"summary_large_image\" \/>\n<meta name=\"twitter:title\" content=\"Order test system for Synoset - New Solutions\" \/>\n<meta name=\"twitter:description\" content=\"Order a test system of Synoset, the asset &amp; service management from New Solutions and let yourself be convinced of the advantages.\" \/>\n<meta name=\"twitter:label1\" content=\"Est. reading time\" \/>\n\t<meta name=\"twitter:data1\" content=\"4 minutes\" \/>\n<script type=\"application\/ld+json\" class=\"yoast-schema-graph\">{\"@context\":\"https:\/\/schema.org\",\"@graph\":[{\"@type\":\"WebPage\",\"@id\":\"https:\/\/new-solutions.com\/en\/order-testsystem-synoset\/\",\"url\":\"https:\/\/new-solutions.com\/en\/order-testsystem-synoset\/\",\"name\":\"Order test system for Synoset - New Solutions\",\"isPartOf\":{\"@id\":\"https:\/\/new-solutions.com\/en\/#website\"},\"datePublished\":\"2021-07-26T12:09:54+00:00\",\"dateModified\":\"2024-11-21T14:55:07+00:00\",\"description\":\"Order a test system of Synoset, the asset & service management from New Solutions and let yourself be convinced of the advantages.\",\"breadcrumb\":{\"@id\":\"https:\/\/new-solutions.com\/en\/order-testsystem-synoset\/#breadcrumb\"},\"inLanguage\":\"en-US\",\"potentialAction\":[{\"@type\":\"ReadAction\",\"target\":[\"https:\/\/new-solutions.com\/en\/order-testsystem-synoset\/\"]}]},{\"@type\":\"BreadcrumbList\",\"@id\":\"https:\/\/new-solutions.com\/en\/order-testsystem-synoset\/#breadcrumb\",\"itemListElement\":[{\"@type\":\"ListItem\",\"position\":1,\"name\":\"Startseite\",\"item\":\"https:\/\/new-solutions.com\/en\/\"},{\"@type\":\"ListItem\",\"position\":2,\"name\":\"Order a testsystem &#8211; Synoset\"}]},{\"@type\":\"WebSite\",\"@id\":\"https:\/\/new-solutions.com\/en\/#website\",\"url\":\"https:\/\/new-solutions.com\/en\/\",\"name\":\"New Solutions\",\"description\":\"Connected Worker Software\",\"potentialAction\":[{\"@type\":\"SearchAction\",\"target\":{\"@type\":\"EntryPoint\",\"urlTemplate\":\"https:\/\/new-solutions.com\/en\/?s={search_term_string}\"},\"query-input\":\"required name=search_term_string\"}],\"inLanguage\":\"en-US\"}]}<\/script>\n<!-- \/ Yoast SEO plugin. -->","yoast_head_json":{"title":"Order test system for Synoset - New Solutions","description":"Order a test system of Synoset, the asset & service management from New Solutions and let yourself be convinced of the advantages.","robots":{"index":"index","follow":"follow","max-snippet":"max-snippet:-1","max-image-preview":"max-image-preview:large","max-video-preview":"max-video-preview:-1"},"canonical":"https:\/\/new-solutions.com\/en\/order-testsystem-synoset\/","og_locale":"en_US","og_type":"article","og_title":"Order test system for Synoset - New Solutions","og_description":"Order a test system of Synoset, the asset & service management from New Solutions and let yourself be convinced of the advantages.","og_url":"https:\/\/new-solutions.com\/en\/order-testsystem-synoset\/","og_site_name":"New Solutions","article_modified_time":"2024-11-21T14:55:07+00:00","twitter_card":"summary_large_image","twitter_title":"Order test system for Synoset - New Solutions","twitter_description":"Order a test system of Synoset, the asset & service management from New Solutions and let yourself be convinced of the advantages.","twitter_misc":{"Est. reading time":"4 minutes"},"schema":{"@context":"https:\/\/schema.org","@graph":[{"@type":"WebPage","@id":"https:\/\/new-solutions.com\/en\/order-testsystem-synoset\/","url":"https:\/\/new-solutions.com\/en\/order-testsystem-synoset\/","name":"Order test system for Synoset - New Solutions","isPartOf":{"@id":"https:\/\/new-solutions.com\/en\/#website"},"datePublished":"2021-07-26T12:09:54+00:00","dateModified":"2024-11-21T14:55:07+00:00","description":"Order a test system of Synoset, the asset & service management from New Solutions and let yourself be convinced of the advantages.","breadcrumb":{"@id":"https:\/\/new-solutions.com\/en\/order-testsystem-synoset\/#breadcrumb"},"inLanguage":"en-US","potentialAction":[{"@type":"ReadAction","target":["https:\/\/new-solutions.com\/en\/order-testsystem-synoset\/"]}]},{"@type":"BreadcrumbList","@id":"https:\/\/new-solutions.com\/en\/order-testsystem-synoset\/#breadcrumb","itemListElement":[{"@type":"ListItem","position":1,"name":"Startseite","item":"https:\/\/new-solutions.com\/en\/"},{"@type":"ListItem","position":2,"name":"Order a testsystem &#8211; Synoset"}]},{"@type":"WebSite","@id":"https:\/\/new-solutions.com\/en\/#website","url":"https:\/\/new-solutions.com\/en\/","name":"New Solutions","description":"Connected Worker Software","potentialAction":[{"@type":"SearchAction","target":{"@type":"EntryPoint","urlTemplate":"https:\/\/new-solutions.com\/en\/?s={search_term_string}"},"query-input":"required name=search_term_string"}],"inLanguage":"en-US"}]}},"_links":{"self":[{"href":"https:\/\/new-solutions.com\/en\/wp-json\/wp\/v2\/pages\/3367"}],"collection":[{"href":"https:\/\/new-solutions.com\/en\/wp-json\/wp\/v2\/pages"}],"about":[{"href":"https:\/\/new-solutions.com\/en\/wp-json\/wp\/v2\/types\/page"}],"author":[{"embeddable":true,"href":"https:\/\/new-solutions.com\/en\/wp-json\/wp\/v2\/users\/5"}],"replies":[{"embeddable":true,"href":"https:\/\/new-solutions.com\/en\/wp-json\/wp\/v2\/comments?post=3367"}],"version-history":[{"count":8,"href":"https:\/\/new-solutions.com\/en\/wp-json\/wp\/v2\/pages\/3367\/revisions"}],"predecessor-version":[{"id":7870,"href":"https:\/\/new-solutions.com\/en\/wp-json\/wp\/v2\/pages\/3367\/revisions\/7870"}],"wp:attachment":[{"href":"https:\/\/new-solutions.com\/en\/wp-json\/wp\/v2\/media?parent=3367"}],"curies":[{"name":"wp","href":"https:\/\/api.w.org\/{rel}","templated":true}]}}