{"id":2132,"date":"2021-07-14T20:44:28","date_gmt":"2021-07-14T18:44:28","guid":{"rendered":"https:\/\/new-solutions-software.de\/iso-certification\/"},"modified":"2023-10-27T15:20:55","modified_gmt":"2023-10-27T13:20:55","slug":"iso-certification","status":"publish","type":"page","link":"https:\/\/new-solutions.com\/en\/iso-certification\/","title":{"rendered":"ISO certification"},"content":{"rendered":"<div class=\"fusion-fullwidth fullwidth-box fusion-builder-row-1 fusion-flex-container nonhundred-percent-fullwidth non-hundred-percent-height-scrolling\" style=\"--awb-border-radius-top-left:0px;--awb-border-radius-top-right:0px;--awb-border-radius-bottom-right:0px;--awb-border-radius-bottom-left:0px;\" ><div class=\"fusion-builder-row fusion-row fusion-flex-align-items-flex-start\" style=\"max-width:1216.8px;margin-left: calc(-4% \/ 2 );margin-right: calc(-4% \/ 2 );\"><div class=\"fusion-layout-column fusion_builder_column fusion-builder-column-0 fusion_builder_column_1_1 1_1 fusion-flex-column\" style=\"--awb-bg-size:cover;--awb-width-large:100%;--awb-margin-top-large:0px;--awb-spacing-right-large:1.92%;--awb-margin-bottom-large:20px;--awb-spacing-left-large:1.92%;--awb-width-medium:100%;--awb-order-medium:0;--awb-spacing-right-medium:1.92%;--awb-spacing-left-medium:1.92%;--awb-width-small:100%;--awb-order-small:0;--awb-spacing-right-small:1.92%;--awb-spacing-left-small:1.92%;\"><div class=\"fusion-column-wrapper fusion-column-has-shadow fusion-flex-justify-content-flex-start fusion-content-layout-column\"><div class=\"fusion-text fusion-text-1\"><h1>ISO\/IEC 27001 Zertifizierung<\/h1>\n<p>New Solutions ist gem\u00e4\u00df der international anerkannten Norm f\u00fcr Informationssicherheit ISO\/IEC 27001 zertifiziert.<\/p>\n<p>Das bedeutet f\u00fcr Sie die Garantie h\u00f6chster Sicherheitsstandards hinsichtlich der Vertraulichkeit, Integrit\u00e4t und Verf\u00fcgbarkeit Ihrer Daten und Systeme &#8211; regelm\u00e4\u00dfig \u00fcberpr\u00fcft von den Sicherheitsexperten des T\u00dcV Rheinland. Damit ist die Sicherheit der Daten und Systeme unserer Kunden integraler Bestandteil all unserer Gesch\u00e4ftsprozesse.<\/p>\n<p>Das Zertifikat kann \u00fcber den folgenden Interneteintrag auf Certipedia gepr\u00fcft werden:<br \/>\n<a href=\"https:\/\/www.certipedia.com\/quality_marks\/9108623250?locale=de\">https:\/\/www.certipedia.com\/quality_marks\/9108623250?locale=de<\/a><\/p>\n<p><img decoding=\"async\" class=\"lazyload alignnone wp-image-942 size-large\" src=\"https:\/\/new-solutions.com\/wp-content\/uploads\/2021\/06\/zertifikat-newsol-iso-27001-de-724x1024.jpg\" data-orig-src=\"https:\/\/new-solutions.com\/wp-content\/uploads\/2021\/06\/zertifikat-newsol-iso-27001-de-724x1024.jpg\" alt=\"Zertifizierung der New Solutions GmbH nach der ISO\/IEC-Norm 27001\" width=\"724\" height=\"1024\" srcset=\"data:image\/svg+xml,%3Csvg%20xmlns%3D%27http%3A%2F%2Fwww.w3.org%2F2000%2Fsvg%27%20width%3D%27724%27%20height%3D%271024%27%20viewBox%3D%270%200%20724%201024%27%3E%3Crect%20width%3D%27724%27%20height%3D%271024%27%20fill-opacity%3D%220%22%2F%3E%3C%2Fsvg%3E\" data-srcset=\"https:\/\/new-solutions.com\/wp-content\/uploads\/2021\/06\/zertifikat-newsol-iso-27001-de-200x283.jpg 200w, https:\/\/new-solutions.com\/wp-content\/uploads\/2021\/06\/zertifikat-newsol-iso-27001-de-212x300.jpg 212w, https:\/\/new-solutions.com\/wp-content\/uploads\/2021\/06\/zertifikat-newsol-iso-27001-de-400x566.jpg 400w, https:\/\/new-solutions.com\/wp-content\/uploads\/2021\/06\/zertifikat-newsol-iso-27001-de-600x849.jpg 600w, https:\/\/new-solutions.com\/wp-content\/uploads\/2021\/06\/zertifikat-newsol-iso-27001-de-724x1024.jpg 724w, https:\/\/new-solutions.com\/wp-content\/uploads\/2021\/06\/zertifikat-newsol-iso-27001-de-768x1087.jpg 768w, https:\/\/new-solutions.com\/wp-content\/uploads\/2021\/06\/zertifikat-newsol-iso-27001-de-800x1132.jpg 800w, https:\/\/new-solutions.com\/wp-content\/uploads\/2021\/06\/zertifikat-newsol-iso-27001-de-1086x1536.jpg 1086w, https:\/\/new-solutions.com\/wp-content\/uploads\/2021\/06\/zertifikat-newsol-iso-27001-de-1200x1698.jpg 1200w, https:\/\/new-solutions.com\/wp-content\/uploads\/2021\/06\/zertifikat-newsol-iso-27001-de-1447x2048.jpg 1447w, https:\/\/new-solutions.com\/wp-content\/uploads\/2021\/06\/zertifikat-newsol-iso-27001-de-scaled.jpg 1809w\" data-sizes=\"auto\" data-orig-sizes=\"(max-width: 724px) 100vw, 724px\" \/><\/p>\n<p>Bei der ISO-27001-Zertifizierung durch den T\u00dcV Rheinland wurden unter anderem folgende Bereiche der New Solutions GmbH untersucht und bewertet:<\/p>\n<ul>\n<li>Sicherheitsrichtlinien<\/li>\n<li>Organisation der Informationssicherheit<\/li>\n<li>Personalsicherheit<\/li>\n<li>Physische und umgebungsbezogene Sicherheit<\/li>\n<li>Management der Kommunikation und des Betriebes<\/li>\n<li>Zugangs- und Zugriffskontrolle<\/li>\n<li>Management von Sicherheitsvorf\u00e4llen<\/li>\n<li>Erf\u00fcllung rechtlicher und organisatorischer Anforderungen<\/li>\n<li>Business Continuity Management<\/li>\n<\/ul>\n<p>Um diese Sicherheitsziele zu erreichen, hat die New Solutions GmbH ein Informations-Sicherheits-Management-System (ISMS) nach den Anforderungen der ISO\/IEC 27001:2013 etabliert, welches die Grundlage f\u00fcr die Gew\u00e4hrleistung h\u00f6chstm\u00f6glicher Sicherheit der Infrastrukturen f\u00fcr die Kunden der New Solutions GmbH darstellt.<\/p>\n<p>Die Normenkonformit\u00e4t und Funktionsf\u00e4higkeit des Sicherheitsmanagementsystems der New Solutions GmbH wurde vom unabh\u00e4ngigen Audit-Team \u00fcberpr\u00fcft und wird durch die Zertifizierung nach ISO 27001 bescheinigt.<\/p>\n<p>Zur Sicherstellung der dauerhaften Wirksamkeit der Ma\u00dfnahmen werden regelm\u00e4\u00dfig interne Schulungen, Pr\u00fcfungen und interne Audits durchgef\u00fchrt.<\/p>\n<p>Um unseren Kunden einen dauerhaften und gleichbleibend hohen Sicherheits-Standard zu garantieren, wird die Wirksamkeit des ISMS durch j\u00e4hrliche \u00dcberwachungsaudits sowie Re-Zertifizierung nach jeweils drei Jahren kontinuierlich \u00fcberwacht und dokumentiert.<\/p>\n<\/div><\/div><\/div><\/div><\/div>\n","protected":false},"excerpt":{"rendered":"","protected":false},"author":5,"featured_media":0,"parent":0,"menu_order":0,"comment_status":"closed","ping_status":"closed","template":"100-width.php","meta":[],"yoast_head":"<!-- This site is optimized with the Yoast SEO plugin v21.1 - https:\/\/yoast.com\/wordpress\/plugins\/seo\/ -->\n<title>ISO \/ IEC 27001 certification - New Solutions<\/title>\n<meta name=\"description\" content=\"The company New Solutions GmbH in Burghausen is certified according to the international standard for information security ISO 27001.\" \/>\n<meta name=\"robots\" content=\"index, follow, max-snippet:-1, max-image-preview:large, max-video-preview:-1\" \/>\n<link rel=\"canonical\" href=\"https:\/\/new-solutions.com\/en\/iso-certification\/\" \/>\n<meta property=\"og:locale\" content=\"en_US\" \/>\n<meta property=\"og:type\" content=\"article\" \/>\n<meta property=\"og:title\" content=\"ISO \/ IEC 27001 certification - New Solutions\" \/>\n<meta property=\"og:description\" content=\"The company New Solutions GmbH in Burghausen is certified according to the international standard for information security ISO 27001.\" \/>\n<meta property=\"og:url\" content=\"https:\/\/new-solutions.com\/en\/iso-certification\/\" \/>\n<meta property=\"og:site_name\" content=\"New Solutions\" \/>\n<meta property=\"article:modified_time\" content=\"2023-10-27T13:20:55+00:00\" \/>\n<meta property=\"og:image\" content=\"https:\/\/new-solutions.com\/wp-content\/uploads\/2021\/06\/zertifikat-newsol-iso-27001-de-724x1024.jpg\" \/>\n<meta name=\"twitter:card\" content=\"summary_large_image\" \/>\n<meta name=\"twitter:title\" content=\"ISO \/ IEC 27001 certification - New Solutions\" \/>\n<meta name=\"twitter:description\" content=\"The company New Solutions GmbH in Burghausen is certified according to the international standard for information security ISO 27001.\" \/>\n<meta name=\"twitter:label1\" content=\"Est. reading time\" \/>\n\t<meta name=\"twitter:data1\" content=\"3 minutes\" \/>\n<script type=\"application\/ld+json\" class=\"yoast-schema-graph\">{\"@context\":\"https:\/\/schema.org\",\"@graph\":[{\"@type\":\"WebPage\",\"@id\":\"https:\/\/new-solutions.com\/en\/iso-certification\/\",\"url\":\"https:\/\/new-solutions.com\/en\/iso-certification\/\",\"name\":\"ISO \/ IEC 27001 certification - New Solutions\",\"isPartOf\":{\"@id\":\"https:\/\/new-solutions.com\/en\/#website\"},\"datePublished\":\"2021-07-14T18:44:28+00:00\",\"dateModified\":\"2023-10-27T13:20:55+00:00\",\"description\":\"The company New Solutions GmbH in Burghausen is certified according to the international standard for information security ISO 27001.\",\"breadcrumb\":{\"@id\":\"https:\/\/new-solutions.com\/en\/iso-certification\/#breadcrumb\"},\"inLanguage\":\"en-US\",\"potentialAction\":[{\"@type\":\"ReadAction\",\"target\":[\"https:\/\/new-solutions.com\/en\/iso-certification\/\"]}]},{\"@type\":\"BreadcrumbList\",\"@id\":\"https:\/\/new-solutions.com\/en\/iso-certification\/#breadcrumb\",\"itemListElement\":[{\"@type\":\"ListItem\",\"position\":1,\"name\":\"Startseite\",\"item\":\"https:\/\/new-solutions.com\/en\/\"},{\"@type\":\"ListItem\",\"position\":2,\"name\":\"ISO certification\"}]},{\"@type\":\"WebSite\",\"@id\":\"https:\/\/new-solutions.com\/en\/#website\",\"url\":\"https:\/\/new-solutions.com\/en\/\",\"name\":\"New Solutions\",\"description\":\"Connected Worker Software\",\"potentialAction\":[{\"@type\":\"SearchAction\",\"target\":{\"@type\":\"EntryPoint\",\"urlTemplate\":\"https:\/\/new-solutions.com\/en\/?s={search_term_string}\"},\"query-input\":\"required name=search_term_string\"}],\"inLanguage\":\"en-US\"}]}<\/script>\n<!-- \/ Yoast SEO plugin. -->","yoast_head_json":{"title":"ISO \/ IEC 27001 certification - New Solutions","description":"The company New Solutions GmbH in Burghausen is certified according to the international standard for information security ISO 27001.","robots":{"index":"index","follow":"follow","max-snippet":"max-snippet:-1","max-image-preview":"max-image-preview:large","max-video-preview":"max-video-preview:-1"},"canonical":"https:\/\/new-solutions.com\/en\/iso-certification\/","og_locale":"en_US","og_type":"article","og_title":"ISO \/ IEC 27001 certification - New Solutions","og_description":"The company New Solutions GmbH in Burghausen is certified according to the international standard for information security ISO 27001.","og_url":"https:\/\/new-solutions.com\/en\/iso-certification\/","og_site_name":"New Solutions","article_modified_time":"2023-10-27T13:20:55+00:00","og_image":[{"url":"https:\/\/new-solutions.com\/wp-content\/uploads\/2021\/06\/zertifikat-newsol-iso-27001-de-724x1024.jpg"}],"twitter_card":"summary_large_image","twitter_title":"ISO \/ IEC 27001 certification - New Solutions","twitter_description":"The company New Solutions GmbH in Burghausen is certified according to the international standard for information security ISO 27001.","twitter_misc":{"Est. reading time":"3 minutes"},"schema":{"@context":"https:\/\/schema.org","@graph":[{"@type":"WebPage","@id":"https:\/\/new-solutions.com\/en\/iso-certification\/","url":"https:\/\/new-solutions.com\/en\/iso-certification\/","name":"ISO \/ IEC 27001 certification - New Solutions","isPartOf":{"@id":"https:\/\/new-solutions.com\/en\/#website"},"datePublished":"2021-07-14T18:44:28+00:00","dateModified":"2023-10-27T13:20:55+00:00","description":"The company New Solutions GmbH in Burghausen is certified according to the international standard for information security ISO 27001.","breadcrumb":{"@id":"https:\/\/new-solutions.com\/en\/iso-certification\/#breadcrumb"},"inLanguage":"en-US","potentialAction":[{"@type":"ReadAction","target":["https:\/\/new-solutions.com\/en\/iso-certification\/"]}]},{"@type":"BreadcrumbList","@id":"https:\/\/new-solutions.com\/en\/iso-certification\/#breadcrumb","itemListElement":[{"@type":"ListItem","position":1,"name":"Startseite","item":"https:\/\/new-solutions.com\/en\/"},{"@type":"ListItem","position":2,"name":"ISO certification"}]},{"@type":"WebSite","@id":"https:\/\/new-solutions.com\/en\/#website","url":"https:\/\/new-solutions.com\/en\/","name":"New Solutions","description":"Connected Worker Software","potentialAction":[{"@type":"SearchAction","target":{"@type":"EntryPoint","urlTemplate":"https:\/\/new-solutions.com\/en\/?s={search_term_string}"},"query-input":"required name=search_term_string"}],"inLanguage":"en-US"}]}},"_links":{"self":[{"href":"https:\/\/new-solutions.com\/en\/wp-json\/wp\/v2\/pages\/2132"}],"collection":[{"href":"https:\/\/new-solutions.com\/en\/wp-json\/wp\/v2\/pages"}],"about":[{"href":"https:\/\/new-solutions.com\/en\/wp-json\/wp\/v2\/types\/page"}],"author":[{"embeddable":true,"href":"https:\/\/new-solutions.com\/en\/wp-json\/wp\/v2\/users\/5"}],"replies":[{"embeddable":true,"href":"https:\/\/new-solutions.com\/en\/wp-json\/wp\/v2\/comments?post=2132"}],"version-history":[{"count":23,"href":"https:\/\/new-solutions.com\/en\/wp-json\/wp\/v2\/pages\/2132\/revisions"}],"predecessor-version":[{"id":7857,"href":"https:\/\/new-solutions.com\/en\/wp-json\/wp\/v2\/pages\/2132\/revisions\/7857"}],"wp:attachment":[{"href":"https:\/\/new-solutions.com\/en\/wp-json\/wp\/v2\/media?parent=2132"}],"curies":[{"name":"wp","href":"https:\/\/api.w.org\/{rel}","templated":true}]}}